{"id":24,"date":"2020-12-21T09:59:36","date_gmt":"2020-12-21T08:59:36","guid":{"rendered":"http:\/\/www.bouchonsaplumes.com\/?page_id=24"},"modified":"2020-12-21T12:47:25","modified_gmt":"2020-12-21T11:47:25","slug":"inscriptions","status":"publish","type":"page","link":"https:\/\/www.bouchonsaplumes.com\/index.php\/inscriptions\/","title":{"rendered":"Informations pratiques"},"content":{"rendered":"\n<h2 class=\"wp-block-heading\">Qui peut s&rsquo;inscrire ?<\/h2>\n\n\n\n<p>Exclusivement reserv\u00e9 \u00e0 toute personne r\u00e9sidant dans la Communaut\u00e9 de communes* du Grand Pic Saint-Loup, souhaitant pratiquer le badminton tout en participant activement \u00e0 la vie de l&rsquo;association. Tous les niveaux sont accept\u00e9s, du grand d\u00e9butant au joueur confirm\u00e9. Notre club n&rsquo;\u00e9tant pas affili\u00e9 \u00e0 la f\u00e9d\u00e9ration fran\u00e7aise de badminton, nous donnons la priorit\u00e9 \u00e0 une pratique en loisir, ce qui n&rsquo;exclut pas l&rsquo;organisation de tournois en interne et les rencontres inter-club pour les personnes motiv\u00e9es.<\/p>\n\n\n\n<h2 class=\"wp-block-heading\">O\u00f9 \u00e7a se passe ?<\/h2>\n\n\n\n<p>Les s\u00e9ances se d\u00e9roulent dans la <strong>Halle aux sports de St Mathieu de Tr\u00e9viers (Champs Noirs)<\/strong>. Nous disposons de 7 cours dans ce gymnase.<\/p>\n\n\n\n<h2 class=\"wp-block-heading\">Quand ?<\/h2>\n\n\n\n<p><strong>Vendredi de 18h00 \u00e0 22h00 &#8211; Dimanche de 9h00 \u00e0 12h00<\/strong>.<\/p>\n\n\n\n<p>Sauf pour raisons exceptionnelles, il n&rsquo;y a pas de s\u00e9ances pendant les p\u00e9riodes de vacances scolaires, la halle \u00e9tant ferm\u00e9e.<\/p>\n\n\n\n<p>Pour garantir \u00e0 chaque membre une dur\u00e9e de pratique acceptable, la capacit\u00e9 d&rsquo;accueil est limit\u00e9e \u00e0 70 personnes.<\/p>\n\n\n\n<p>Chaque entra\u00eenement est plac\u00e9 sous la responsabilit\u00e9 d&rsquo;un membre de l&rsquo;association. Nul n&rsquo;est autoris\u00e9 \u00e0 utiliser la salle sans y \u00eatre invit\u00e9 par ce dernier.<\/p>\n\n\n\n<h2 class=\"wp-block-heading\">Modalit\u00e9s d&rsquo;inscription<\/h2>\n\n\n\n<p>Pour effectuer votre inscription nous vous demanderons les \u00e9l\u00e9ments suivants :&nbsp;&nbsp;&nbsp;<\/p>\n\n\n\n<ul class=\"wp-block-list\"><li>la <strong>demande d&rsquo;adh\u00e9sion<\/strong> compl\u00e9t\u00e9e (<a href=\"http:\/\/www.bouchonsaplumes.com\/wp-content\/uploads\/2020\/12\/fiche.pdf\" data-type=\"URL\" data-id=\"http:\/\/www.bouchonsaplumes.com\/wp-content\/uploads\/2020\/12\/fiche.pdf\" target=\"_blank\" rel=\"noreferrer noopener\">disponible ici<\/a>),<\/li><li>le paiement de l&rsquo;inscription (40 \u20ac pour l&rsquo;ann\u00e9e, 30 \u20ac pour le 2\u00e8me membre d&rsquo;une m\u00eame famille) ; esp\u00e8ces ou ch\u00e8que \u00e0 l&rsquo;ordre de l&rsquo;ABSMT,<\/li><li>le certificat m\u00e9dical de non contre-indication \u00e0 la pratique du badminton.<\/li><\/ul>\n\n\n\n<p><br>*<strong> liste des communes concern\u00e9es<\/strong> : Assas, Buzignargues, Causse-de-la-Selle, Cazevieille, Claret, Combaillaux, Ferri\u00e8res-les-Verreries, Fontan\u00e8s, Guzargues, Lauret, Les Matelles, Le Triadou, Mas-de-Londres, Murles, Notre-Dame-de-Londres, P\u00e9gairolles-de-Bu\u00e8ges, Rouet, Saint-Andr\u00e9-de-Bu\u00e8ges, Saint-Bauzille-de-Montmel, Saint-Cl\u00e9ment-de-Rivi\u00e8re, Sainte-Croix-de-Quintillargues, Saint-G\u00e9ly-du-Fesc, Saint-Hilaire-de-Beauvoir, Saint-Jean-de-Bu\u00e8ges, Saint-Jean-de-Cornies, Saint-Jean-de-Cuculles, Saint-Martin-de-Londres, Saint-Mathieu-de-Tr\u00e9viers, Saint-Vincent-de-Barbeyrargues, Sauteyrargues, Teyran, Vacqui\u00e8res, Vailhauqu\u00e8s, Valflaun\u00e8s, Viols-en-Laval, Viols-le-Fort.<\/p>\n\n\n\n<h2 class=\"wp-block-heading\">Mat\u00e9riel personnel n\u00e9cessaire<\/h2>\n\n\n\n<p>Si vous n&rsquo;avez pas mat\u00e9riel, une raquette de d\u00e9butant vous sera pr\u00eat\u00e9e pour les premi\u00e8res s\u00e9ances, dans la limite des disponibilit\u00e9s. Nous vous conseillons donc de vous acheter rapidement une raquette de meilleure qualit\u00e9 pour voir votre niveau progresser !<\/p>\n\n\n\n<p>Le r\u00e8glement d&rsquo;utilisation de la salle interdit d&rsquo;y p\u00e9n\u00e9trer avec des chaussures port\u00e9es \u00e0 l&rsquo;ext\u00e9rieur et dont les semelles pourraient abimer le parquet. Les adh\u00e9rents de l&rsquo;association devront respecter cette r\u00e8gle en s&rsquo;\u00e9quipant de chaussures de sport de salle (semelle sp\u00e9ciale).<\/p>\n\n\n\n<p>Les volants sont fournis par le club.<\/p>\n\n\n\n<p>Des remises sont consenties chez le founisseur du club, aux membres de l&rsquo;association (voir avec le responsable).<\/p>\n\n\n\n<h2 class=\"wp-block-heading\">La Journ\u00e9e des associations<\/h2>\n\n\n\n<p>L&rsquo;association \u00ab\u00a0Les bouchons \u00e0 plumes du Pic Saint Loup\u00a0\u00bb vous donne rendez-vous, tous les ans, \u00e0 la Journ\u00e9e des associations de Saint Mathieu de Tr\u00e9viers. Cette manifestation se d\u00e9roule d\u00e9but Septembre sur l&rsquo;esplanade du Belv\u00e9d\u00e8re (\u00e0 c\u00f4t\u00e9 du Galion), de 9h \u00e0 11h30. <strong>Les places \u00e9tant limit\u00e9es \u00e0 70 adh\u00e9rents nous vous conseillons vivement de venir vous inscrire ou vous r\u00e9-inscrire lors de cette Journ\u00e9e des associations.<\/strong><\/p>\n\n\n\n<h2 class=\"wp-block-heading\">Liste d&rsquo;attente<\/h2>\n\n\n\n<p>Deux cas de figure se pr\u00e9sentent :<\/p>\n\n\n\n<ul class=\"wp-block-list\"><li><strong>Si vous \u00e9tiez d\u00e9j\u00e0 inscrit la saison derni\u00e8re<\/strong> : vous \u00eates prioritaire donc vous serez automatiquement pr\u00e9-inscrits, mais vous devez confirmer votre inscription d\u00e9finitive tr\u00e8s rapidement, sinon votre nom sera ray\u00e9 de la liste des pr\u00e9-inscrits et vous devrez patienter en liste d&rsquo;attente (avec le risque de ne plus avoir de place).<\/li><\/ul>\n\n\n\n<ul class=\"wp-block-list\"><li><strong>Si vous n&rsquo;\u00e9tiez pas inscrit la saison derni\u00e8re<\/strong> : venez nous rencontrer le plus rapidement possible, votre nom sera rajout\u00e9 sur une liste d&rsquo;attente, par ordre d&rsquo;arriv\u00e9e. Apr\u00e8s la mi-septembre, les anciens adh\u00e9rents qui ne se sont pas r\u00e9-inscrits seront remplac\u00e9s par les nouveaux sur liste d&rsquo;attente. Nous vous contacterons alors pour vous indiquer si vous pouvez vous inscrire ou pas.<\/li><\/ul>\n","protected":false},"excerpt":{"rendered":"<p>Qui peut s&rsquo;inscrire ? Exclusivement reserv\u00e9 \u00e0 toute personne r\u00e9sidant dans la Communaut\u00e9 de communes* du Grand Pic Saint-Loup, souhaitant pratiquer le badminton tout en participant activement \u00e0 la vie de l&rsquo;association. Tous les niveaux sont accept\u00e9s, du grand d\u00e9butant au joueur confirm\u00e9. Notre club n&rsquo;\u00e9tant pas affili\u00e9 \u00e0 la f\u00e9d\u00e9ration fran\u00e7aise de badminton, nous &hellip; <\/p>\n<p class=\"link-more\"><a href=\"https:\/\/www.bouchonsaplumes.com\/index.php\/inscriptions\/\" class=\"more-link\">Continuer la lecture<span class=\"screen-reader-text\"> de &laquo;&nbsp;Informations pratiques&nbsp;&raquo;<\/span><\/a><\/p>\n","protected":false},"author":1,"featured_media":0,"parent":0,"menu_order":0,"comment_status":"closed","ping_status":"closed","template":"","meta":{"footnotes":""},"class_list":["post-24","page","type-page","status-publish","hentry"],"_links":{"self":[{"href":"https:\/\/www.bouchonsaplumes.com\/index.php\/wp-json\/wp\/v2\/pages\/24","targetHints":{"allow":["GET"]}}],"collection":[{"href":"https:\/\/www.bouchonsaplumes.com\/index.php\/wp-json\/wp\/v2\/pages"}],"about":[{"href":"https:\/\/www.bouchonsaplumes.com\/index.php\/wp-json\/wp\/v2\/types\/page"}],"author":[{"embeddable":true,"href":"https:\/\/www.bouchonsaplumes.com\/index.php\/wp-json\/wp\/v2\/users\/1"}],"replies":[{"embeddable":true,"href":"https:\/\/www.bouchonsaplumes.com\/index.php\/wp-json\/wp\/v2\/comments?post=24"}],"version-history":[{"count":9,"href":"https:\/\/www.bouchonsaplumes.com\/index.php\/wp-json\/wp\/v2\/pages\/24\/revisions"}],"predecessor-version":[{"id":92,"href":"https:\/\/www.bouchonsaplumes.com\/index.php\/wp-json\/wp\/v2\/pages\/24\/revisions\/92"}],"wp:attachment":[{"href":"https:\/\/www.bouchonsaplumes.com\/index.php\/wp-json\/wp\/v2\/media?parent=24"}],"curies":[{"name":"wp","href":"https:\/\/api.w.org\/{rel}","templated":true}]}}